{"id":10,"date":"2026-04-09T13:15:21","date_gmt":"2026-04-09T13:15:21","guid":{"rendered":"https:\/\/tercumehizmetleri.com.tr\/?page_id=10"},"modified":"2026-04-09T13:15:21","modified_gmt":"2026-04-09T13:15:21","slug":"hesabim","status":"publish","type":"page","link":"https:\/\/tercumehizmetleri.com.tr\/?page_id=10","title":{"rendered":"Hesab\u0131m"},"content":{"rendered":"<div class=\"woocommerce\"><div class=\"woocommerce-notices-wrapper\"><\/div>\n\n\t\t<h2>Giri\u015f Yap<\/h2>\n\n\t\t<form class=\"woocommerce-form woocommerce-form-login login\" method=\"post\" novalidate>\n\n\t\t\t\n\t\t\t<p class=\"woocommerce-form-row woocommerce-form-row--wide form-row form-row-wide\">\n\t\t\t\t<label for=\"username\">Kullan\u0131c\u0131 ad\u0131 veya e-posta adresi&nbsp;<span class=\"required\" aria-hidden=\"true\">*<\/span><span class=\"screen-reader-text\">Gerekli<\/span><\/label>\n\t\t\t\t<input type=\"text\" class=\"woocommerce-Input woocommerce-Input--text input-text\" name=\"username\" id=\"username\" autocomplete=\"username\" value=\"\" required aria-required=\"true\" \/>\t\t\t<\/p>\n\t\t\t<p class=\"woocommerce-form-row woocommerce-form-row--wide form-row form-row-wide\">\n\t\t\t\t<label for=\"password\">Parola&nbsp;<span class=\"required\" aria-hidden=\"true\">*<\/span><span class=\"screen-reader-text\">Gerekli<\/span><\/label>\n\t\t\t\t<input class=\"woocommerce-Input woocommerce-Input--text input-text\" type=\"password\" name=\"password\" id=\"password\" autocomplete=\"current-password\" required aria-required=\"true\" \/>\n\t\t\t<\/p>\n\n\t\t\t\n\t\t\t<p class=\"form-row\">\n\t\t\t\t<label class=\"woocommerce-form__label woocommerce-form__label-for-checkbox woocommerce-form-login__rememberme\">\n\t\t\t\t\t<input class=\"woocommerce-form__input woocommerce-form__input-checkbox\" name=\"rememberme\" type=\"checkbox\" id=\"rememberme\" value=\"forever\" \/> <span>Beni hat\u0131rla<\/span>\n\t\t\t\t<\/label>\n\t\t\t\t<input type=\"hidden\" id=\"woocommerce-login-nonce\" name=\"woocommerce-login-nonce\" value=\"9f9afaabd0\" \/><input type=\"hidden\" name=\"_wp_http_referer\" value=\"\/index.php?rest_route=%2Fwp%2Fv2%2Fpages%2F10\" \/>\t\t\t\t<button type=\"submit\" class=\"woocommerce-button button woocommerce-form-login__submit wp-element-button\" name=\"login\" value=\"Giri\u015f Yap\">Giri\u015f Yap<\/button>\n\t\t\t<\/p>\n\t\t\t<p class=\"woocommerce-LostPassword lost_password\">\n\t\t\t\t<a href=\"https:\/\/tercumehizmetleri.com.tr\/?page_id=10&#038;lost-password\">Parolan\u0131z\u0131 m\u0131 unuttunuz?<\/a>\n\t\t\t<\/p>\n\n\t\t\t\n\t\t<\/form>\n\n\n<\/div>\n","protected":false},"excerpt":{"rendered":"","protected":false},"author":1,"featured_media":0,"parent":0,"menu_order":0,"comment_status":"closed","ping_status":"closed","template":"","meta":{"footnotes":""},"class_list":["post-10","page","type-page","status-publish","hentry"],"yoast_head":"<!-- This site is optimized with the Yoast SEO plugin v27.3 - https:\/\/yoast.com\/product\/yoast-seo-wordpress\/ -->\n<title>Hesab\u0131m - Terc\u00fcme Hizmetleri<\/title>\n<meta name=\"robots\" content=\"index, follow, max-snippet:-1, max-image-preview:large, max-video-preview:-1\" \/>\n<link rel=\"canonical\" href=\"https:\/\/tercumehizmetleri.com.tr\/?page_id=10\" \/>\n<meta property=\"og:locale\" content=\"tr_TR\" \/>\n<meta property=\"og:type\" content=\"article\" \/>\n<meta property=\"og:title\" content=\"Hesab\u0131m - Terc\u00fcme Hizmetleri\" \/>\n<meta property=\"og:url\" content=\"https:\/\/tercumehizmetleri.com.tr\/?page_id=10\" \/>\n<meta property=\"og:site_name\" content=\"Terc\u00fcme Hizmetleri\" \/>\n<meta name=\"twitter:card\" content=\"summary_large_image\" \/>\n<script type=\"application\/ld+json\" class=\"yoast-schema-graph\">{\"@context\":\"https:\\\/\\\/schema.org\",\"@graph\":[{\"@type\":\"WebPage\",\"@id\":\"https:\\\/\\\/tercumehizmetleri.com.tr\\\/?page_id=10\",\"url\":\"https:\\\/\\\/tercumehizmetleri.com.tr\\\/?page_id=10\",\"name\":\"Hesab\u0131m - Terc\u00fcme Hizmetleri\",\"isPartOf\":{\"@id\":\"https:\\\/\\\/tercumehizmetleri.com.tr\\\/#website\"},\"datePublished\":\"2026-04-09T13:15:21+00:00\",\"breadcrumb\":{\"@id\":\"https:\\\/\\\/tercumehizmetleri.com.tr\\\/?page_id=10#breadcrumb\"},\"inLanguage\":\"tr\",\"potentialAction\":[{\"@type\":\"ReadAction\",\"target\":[\"https:\\\/\\\/tercumehizmetleri.com.tr\\\/?page_id=10\"]}]},{\"@type\":\"BreadcrumbList\",\"@id\":\"https:\\\/\\\/tercumehizmetleri.com.tr\\\/?page_id=10#breadcrumb\",\"itemListElement\":[{\"@type\":\"ListItem\",\"position\":1,\"name\":\"Anasayfa\",\"item\":\"https:\\\/\\\/tercumehizmetleri.com.tr\\\/\"},{\"@type\":\"ListItem\",\"position\":2,\"name\":\"Hesab\u0131m\"}]},{\"@type\":\"WebSite\",\"@id\":\"https:\\\/\\\/tercumehizmetleri.com.tr\\\/#website\",\"url\":\"https:\\\/\\\/tercumehizmetleri.com.tr\\\/\",\"name\":\"Terc\u00fcme Hizmetleri\",\"description\":\"\",\"potentialAction\":[{\"@type\":\"SearchAction\",\"target\":{\"@type\":\"EntryPoint\",\"urlTemplate\":\"https:\\\/\\\/tercumehizmetleri.com.tr\\\/?s={search_term_string}\"},\"query-input\":{\"@type\":\"PropertyValueSpecification\",\"valueRequired\":true,\"valueName\":\"search_term_string\"}}],\"inLanguage\":\"tr\"}]}<\/script>\n<!-- \/ Yoast SEO plugin. -->","yoast_head_json":{"title":"Hesab\u0131m - Terc\u00fcme Hizmetleri","robots":{"index":"index","follow":"follow","max-snippet":"max-snippet:-1","max-image-preview":"max-image-preview:large","max-video-preview":"max-video-preview:-1"},"canonical":"https:\/\/tercumehizmetleri.com.tr\/?page_id=10","og_locale":"tr_TR","og_type":"article","og_title":"Hesab\u0131m - Terc\u00fcme Hizmetleri","og_url":"https:\/\/tercumehizmetleri.com.tr\/?page_id=10","og_site_name":"Terc\u00fcme Hizmetleri","twitter_card":"summary_large_image","schema":{"@context":"https:\/\/schema.org","@graph":[{"@type":"WebPage","@id":"https:\/\/tercumehizmetleri.com.tr\/?page_id=10","url":"https:\/\/tercumehizmetleri.com.tr\/?page_id=10","name":"Hesab\u0131m - Terc\u00fcme Hizmetleri","isPartOf":{"@id":"https:\/\/tercumehizmetleri.com.tr\/#website"},"datePublished":"2026-04-09T13:15:21+00:00","breadcrumb":{"@id":"https:\/\/tercumehizmetleri.com.tr\/?page_id=10#breadcrumb"},"inLanguage":"tr","potentialAction":[{"@type":"ReadAction","target":["https:\/\/tercumehizmetleri.com.tr\/?page_id=10"]}]},{"@type":"BreadcrumbList","@id":"https:\/\/tercumehizmetleri.com.tr\/?page_id=10#breadcrumb","itemListElement":[{"@type":"ListItem","position":1,"name":"Anasayfa","item":"https:\/\/tercumehizmetleri.com.tr\/"},{"@type":"ListItem","position":2,"name":"Hesab\u0131m"}]},{"@type":"WebSite","@id":"https:\/\/tercumehizmetleri.com.tr\/#website","url":"https:\/\/tercumehizmetleri.com.tr\/","name":"Terc\u00fcme Hizmetleri","description":"","potentialAction":[{"@type":"SearchAction","target":{"@type":"EntryPoint","urlTemplate":"https:\/\/tercumehizmetleri.com.tr\/?s={search_term_string}"},"query-input":{"@type":"PropertyValueSpecification","valueRequired":true,"valueName":"search_term_string"}}],"inLanguage":"tr"}]}},"_links":{"self":[{"href":"https:\/\/tercumehizmetleri.com.tr\/index.php?rest_route=\/wp\/v2\/pages\/10","targetHints":{"allow":["GET"]}}],"collection":[{"href":"https:\/\/tercumehizmetleri.com.tr\/index.php?rest_route=\/wp\/v2\/pages"}],"about":[{"href":"https:\/\/tercumehizmetleri.com.tr\/index.php?rest_route=\/wp\/v2\/types\/page"}],"author":[{"embeddable":true,"href":"https:\/\/tercumehizmetleri.com.tr\/index.php?rest_route=\/wp\/v2\/users\/1"}],"replies":[{"embeddable":true,"href":"https:\/\/tercumehizmetleri.com.tr\/index.php?rest_route=%2Fwp%2Fv2%2Fcomments&post=10"}],"version-history":[{"count":0,"href":"https:\/\/tercumehizmetleri.com.tr\/index.php?rest_route=\/wp\/v2\/pages\/10\/revisions"}],"wp:attachment":[{"href":"https:\/\/tercumehizmetleri.com.tr\/index.php?rest_route=%2Fwp%2Fv2%2Fmedia&parent=10"}],"curies":[{"name":"wp","href":"https:\/\/api.w.org\/{rel}","templated":true}]}}